{"id":1520,"date":"2022-10-10T12:04:26","date_gmt":"2022-10-10T12:04:26","guid":{"rendered":"https:\/\/capturemadrid.com\/blog\/"},"modified":"2022-12-14T09:43:02","modified_gmt":"2022-12-14T09:43:02","slug":"blog","status":"publish","type":"page","link":"https:\/\/capturemadrid.com\/en\/blog\/","title":{"rendered":"Blog"},"content":{"rendered":"\t\t<div data-elementor-type=\"wp-page\" data-elementor-id=\"1520\" class=\"elementor elementor-1520 elementor-662\">\n\t\t\t\t\t\t<div class=\"elementor-inner\">\n\t\t\t\t<div class=\"elementor-section-wrap\">\n\t\t\t\t\t\t\t\t\t<section class=\"elementor-section elementor-top-section elementor-element elementor-element-92ffc0b elementor-section-height-min-height elementor-section-boxed elementor-section-height-default elementor-section-items-middle\" data-id=\"92ffc0b\" data-element_type=\"section\" data-settings=\"{&quot;background_background&quot;:&quot;classic&quot;}\">\n\t\t\t\t\t\t\t<div class=\"elementor-background-overlay\"><\/div>\n\t\t\t\t\t\t\t<div class=\"elementor-container elementor-column-gap-default\">\n\t\t\t\t\t\t\t<div class=\"elementor-row\">\n\t\t\t\t\t<div class=\"elementor-column elementor-col-100 elementor-top-column elementor-element elementor-element-2ab43f29\" data-id=\"2ab43f29\" data-element_type=\"column\">\n\t\t\t<div class=\"elementor-column-wrap elementor-element-populated\">\n\t\t\t\t\t\t\t<div class=\"elementor-widget-wrap\">\n\t\t\t\t\t\t<div class=\"elementor-element elementor-element-4fc3bb3d elementor-widget elementor-widget-heading\" data-id=\"4fc3bb3d\" data-element_type=\"widget\" data-widget_type=\"heading.default\">\n\t\t\t\t<div class=\"elementor-widget-container\">\n\t\t\t<h1 class=\"elementor-heading-title elementor-size-default\">Our Blog<\/h1>\t\t<\/div>\n\t\t\t\t<\/div>\n\t\t\t\t\t\t<\/div>\n\t\t\t\t\t<\/div>\n\t\t<\/div>\n\t\t\t\t\t\t\t\t<\/div>\n\t\t\t\t\t<\/div>\n\t\t<\/section>\n\t\t\t\t<section class=\"elementor-section elementor-top-section elementor-element elementor-element-16d803bd elementor-section-boxed elementor-section-height-default elementor-section-height-default\" data-id=\"16d803bd\" data-element_type=\"section\">\n\t\t\t\t\t\t<div class=\"elementor-container elementor-column-gap-default\">\n\t\t\t\t\t\t\t<div class=\"elementor-row\">\n\t\t\t\t\t<div class=\"elementor-column elementor-col-100 elementor-top-column elementor-element elementor-element-3c900655\" data-id=\"3c900655\" data-element_type=\"column\">\n\t\t\t<div class=\"elementor-column-wrap elementor-element-populated\">\n\t\t\t\t\t\t\t<div class=\"elementor-widget-wrap\">\n\t\t\t\t\t\t<div class=\"elementor-element elementor-element-f3c6cf8 animated-slow elementor-invisible elementor-widget elementor-widget-elementskit-blog-posts\" data-id=\"f3c6cf8\" data-element_type=\"widget\" data-settings=\"{&quot;_animation&quot;:&quot;fadeIn&quot;,&quot;_animation_delay&quot;:500}\" data-widget_type=\"elementskit-blog-posts.default\">\n\t\t\t\t<div class=\"elementor-widget-container\">\n\t\t\t<div class=\"ekit-wid-con\" >        <div id=\"post-items--f3c6cf8\" class=\"row post-items\">\n                    <div class=\"col-lg-4 col-md-6\">\n\n                                    <div class=\"elementskit-post-image-card\">\n                        <div class=\"elementskit-entry-header\">\n                                                            <a href=\"https:\/\/capturemadrid.com\/en\/chocolate-con-churros-de-madrid\/\" class=\"elementskit-entry-thumb\">\n                                    <img decoding=\"async\" src=\"https:\/\/capturemadrid.com\/wp-content\/uploads\/2023\/02\/heart-dip.jpg\" alt=\"Hot chocolate &#038; churros in Madrid\">\n                                <\/a><!-- .elementskit-entry-thumb END -->\n                                                            \n                            \n\t\t\t\t\t\t\t\t\t\t\t\t\t<\/div><!-- .elementskit-entry-header END -->\n\n\t\t\t\t\t\t<div class=\"elementskit-post-body \">\n\t\t\t\t\t\t\t\n\t\t\t\t\t\t\t\t\t\t\t\t\t\t\t\t\t\t\t\t\t\t\t\t\t\n\t\t\t\t\t\t\t\t\n\t\t\t\t\t\t\t\t\t\t\t\t\t\t\t\t\t\t\t\t\t<h2 class=\"entry-title\">\n\t\t\t\t\t<a href=\"https:\/\/capturemadrid.com\/en\/chocolate-con-churros-de-madrid\/\">\n\t\t\t\t\t\tHot chocolate &#038; churros in Madrid\t\t\t\t\t<\/a>\n\t\t\t\t<\/h2>\n\t\t\t\t\t\t\t\t\t\t\t\t\t\t\t\t\t\t\t\t\t\t\t\t\t\t\t\t\t\t\t\t\t\t\t\t\t\t\t\t\t\t<p>Hot chocolate and churros in Madrid. Madrid.<\/p>\n\t\t\t\t\t\t\t\t\t\t\t\t\t\t\t\t\t\t\t\t\t\t                                                            <div class=\"btn-wraper\">\n                                                                            <a href=\"https:\/\/capturemadrid.com\/en\/chocolate-con-churros-de-madrid\/\" class=\"elementskit-btn  whitespace--normal\" >\n                                            Leer m\u00e1s                                            <i aria-hidden=\"true\" class=\"fas fa-long-arrow-alt-right\"><\/i>                                        <\/a>\n                                    \n                                                                    <\/div>\n                                                    <\/div><!-- .elementskit-post-body END -->\n                    <\/div>\n                \n            <\/div>\n                    <div class=\"col-lg-4 col-md-6\">\n\n                                    <div class=\"elementskit-post-image-card\">\n                        <div class=\"elementskit-entry-header\">\n                                                            <a href=\"https:\/\/capturemadrid.com\/en\/christmas-light-in-madrid\/\" class=\"elementskit-entry-thumb\">\n                                    <img decoding=\"async\" src=\"https:\/\/capturemadrid.com\/wp-content\/uploads\/2022\/12\/Luces-armeria-scaled.jpg\" alt=\"Christmas light in Madrid\">\n                                <\/a><!-- .elementskit-entry-thumb END -->\n                                                            \n                            \n\t\t\t\t\t\t\t\t\t\t\t\t\t<\/div><!-- .elementskit-entry-header END -->\n\n\t\t\t\t\t\t<div class=\"elementskit-post-body \">\n\t\t\t\t\t\t\t\n\t\t\t\t\t\t\t\t\t\t\t\t\t\t\t\t\t\t\t\t\t\t\t\t\t\n\t\t\t\t\t\t\t\t\n\t\t\t\t\t\t\t\t\t\t\t\t\t\t\t\t\t\t\t\t\t<h2 class=\"entry-title\">\n\t\t\t\t\t<a href=\"https:\/\/capturemadrid.com\/en\/christmas-light-in-madrid\/\">\n\t\t\t\t\t\tChristmas light in Madrid\t\t\t\t\t<\/a>\n\t\t\t\t<\/h2>\n\t\t\t\t\t\t\t\t\t\t\t\t\t\t\t\t\t\t\t\t\t\t\t\t\t\t\t\t\t\t\t\t\t\t\t\t\t\t\t\t\t\t<p>In Christmas Madrid is full of light and colour. Here you can find some interesting points.<\/p>\n\t\t\t\t\t\t\t\t\t\t\t\t\t\t\t\t\t\t\t\t\t\t                                                            <div class=\"btn-wraper\">\n                                                                            <a href=\"https:\/\/capturemadrid.com\/en\/christmas-light-in-madrid\/\" class=\"elementskit-btn  whitespace--normal\" >\n                                            Leer m\u00e1s                                            <i aria-hidden=\"true\" class=\"fas fa-long-arrow-alt-right\"><\/i>                                        <\/a>\n                                    \n                                                                    <\/div>\n                                                    <\/div><!-- .elementskit-post-body END -->\n                    <\/div>\n                \n            <\/div>\n                    <div class=\"col-lg-4 col-md-6\">\n\n                                    <div class=\"elementskit-post-image-card\">\n                        <div class=\"elementskit-entry-header\">\n                                                            <a href=\"https:\/\/capturemadrid.com\/en\/paseo-por-el-parque-madrid-rio\/\" class=\"elementskit-entry-thumb\">\n                                    <img decoding=\"async\" src=\"https:\/\/capturemadrid.com\/wp-content\/uploads\/2022\/12\/rio-5-scaled.jpg\" alt=\"Paseo por el Parque Madrid rio.\">\n                                <\/a><!-- .elementskit-entry-thumb END -->\n                                                            \n                            \n\t\t\t\t\t\t\t\t\t\t\t\t\t<\/div><!-- .elementskit-entry-header END -->\n\n\t\t\t\t\t\t<div class=\"elementskit-post-body \">\n\t\t\t\t\t\t\t\n\t\t\t\t\t\t\t\t\t\t\t\t\t\t\t\t\t\t\t\t\t\t\t\t\t\n\t\t\t\t\t\t\t\t\n\t\t\t\t\t\t\t\t\t\t\t\t\t\t\t\t\t\t\t\t\t<h2 class=\"entry-title\">\n\t\t\t\t\t<a href=\"https:\/\/capturemadrid.com\/en\/paseo-por-el-parque-madrid-rio\/\">\n\t\t\t\t\t\tPaseo por el Parque Madrid rio.\t\t\t\t\t<\/a>\n\t\t\t\t<\/h2>\n\t\t\t\t\t\t\t\t\t\t\t\t\t\t\t\t\t\t\t\t\t\t\t\t\t\t\t\t\t\t\t\t\t\t\t\t\t\t\t\t\t\t<p>Un itinerario diferente, menos tur\u00edstico, pero totalmente recomendable.<\/p>\n\t\t\t\t\t\t\t\t\t\t\t\t\t\t\t\t\t\t\t\t\t\t                                                            <div class=\"btn-wraper\">\n                                                                            <a href=\"https:\/\/capturemadrid.com\/en\/paseo-por-el-parque-madrid-rio\/\" class=\"elementskit-btn  whitespace--normal\" >\n                                            Leer m\u00e1s                                            <i aria-hidden=\"true\" class=\"fas fa-long-arrow-alt-right\"><\/i>                                        <\/a>\n                                    \n                                                                    <\/div>\n                                                    <\/div><!-- .elementskit-post-body END -->\n                    <\/div>\n                \n            <\/div>\n                    <div class=\"col-lg-4 col-md-6\">\n\n                                    <div class=\"elementskit-post-image-card\">\n                        <div class=\"elementskit-entry-header\">\n                                                            <a href=\"https:\/\/capturemadrid.com\/en\/how-is-a-private-photo-shoot-with-capture-madrid\/\" class=\"elementskit-entry-thumb\">\n                                    <img decoding=\"async\" src=\"https:\/\/capturemadrid.com\/wp-content\/uploads\/2021\/07\/Plaza-Mayor.jpg\" alt=\"<strong>How is a private photo shoot with Capture Madrid?<\/strong>\">\n                                <\/a><!-- .elementskit-entry-thumb END -->\n                                                            \n                            \n\t\t\t\t\t\t\t\t\t\t\t\t\t<\/div><!-- .elementskit-entry-header END -->\n\n\t\t\t\t\t\t<div class=\"elementskit-post-body \">\n\t\t\t\t\t\t\t\n\t\t\t\t\t\t\t\t\t\t\t\t\t\t\t\t\t\t\t\t\t\t\t\t\t\n\t\t\t\t\t\t\t\t\n\t\t\t\t\t\t\t\t\t\t\t\t\t\t\t\t\t\t\t\t\t<h2 class=\"entry-title\">\n\t\t\t\t\t<a href=\"https:\/\/capturemadrid.com\/en\/how-is-a-private-photo-shoot-with-capture-madrid\/\">\n\t\t\t\t\t\t<strong>How is a private photo shoot with Capture Madrid?<\/strong>\t\t\t\t\t<\/a>\n\t\t\t\t<\/h2>\n\t\t\t\t\t\t\t\t\t\t\t\t\t\t\t\t\t\t\t\t\t\t\t\t\t\t\t\t\t\t\t\t\t\t\t\t\t\t\t\t\t\t<p>This blog is about what to espect when you book a private photo shoot with capturemadrid<\/p>\n\t\t\t\t\t\t\t\t\t\t\t\t\t\t\t\t\t\t\t\t\t\t                                                            <div class=\"btn-wraper\">\n                                                                            <a href=\"https:\/\/capturemadrid.com\/en\/how-is-a-private-photo-shoot-with-capture-madrid\/\" class=\"elementskit-btn  whitespace--normal\" >\n                                            Leer m\u00e1s                                            <i aria-hidden=\"true\" class=\"fas fa-long-arrow-alt-right\"><\/i>                                        <\/a>\n                                    \n                                                                    <\/div>\n                                                    <\/div><!-- .elementskit-post-body END -->\n                    <\/div>\n                \n            <\/div>\n                    <div class=\"col-lg-4 col-md-6\">\n\n                                    <div class=\"elementskit-post-image-card\">\n                        <div class=\"elementskit-entry-header\">\n                                                            <a href=\"https:\/\/capturemadrid.com\/en\/como-es-una-sesion-de-fotos-privada-con-capture-madrid\/\" class=\"elementskit-entry-thumb\">\n                                    <img decoding=\"async\" src=\"https:\/\/capturemadrid.com\/wp-content\/uploads\/2022\/10\/DSC01506.jpg\" alt=\"A walk through the Retiro Park.\">\n                                <\/a><!-- .elementskit-entry-thumb END -->\n                                                            \n                            \n\t\t\t\t\t\t\t\t\t\t\t\t\t<\/div><!-- .elementskit-entry-header END -->\n\n\t\t\t\t\t\t<div class=\"elementskit-post-body \">\n\t\t\t\t\t\t\t\n\t\t\t\t\t\t\t\t\t\t\t\t\t\t\t\t\t\t\t\t\t\t\t\t\t\n\t\t\t\t\t\t\t\t\n\t\t\t\t\t\t\t\t\t\t\t\t\t\t\t\t\t\t\t\t\t<h2 class=\"entry-title\">\n\t\t\t\t\t<a href=\"https:\/\/capturemadrid.com\/en\/como-es-una-sesion-de-fotos-privada-con-capture-madrid\/\">\n\t\t\t\t\t\tA walk through the Retiro Park.\t\t\t\t\t<\/a>\n\t\t\t\t<\/h2>\n\t\t\t\t\t\t\t\t\t\t\t\t\t\t\t\t\t\t\t\t\t\t\t\t\t\t\t\t\t\t\t\t\t\t\t\t\t\t\t\t\t\t<p>I&#8217;m meeting with F and L, a Romanian couple, who have booked a private photo shoot with us, in the center of Madrid.<\/p>\n\t\t\t\t\t\t\t\t\t\t\t\t\t\t\t\t\t\t\t\t\t\t                                                            <div class=\"btn-wraper\">\n                                                                            <a href=\"https:\/\/capturemadrid.com\/en\/como-es-una-sesion-de-fotos-privada-con-capture-madrid\/\" class=\"elementskit-btn  whitespace--normal\" >\n                                            Leer m\u00e1s                                            <i aria-hidden=\"true\" class=\"fas fa-long-arrow-alt-right\"><\/i>                                        <\/a>\n                                    \n                                                                    <\/div>\n                                                    <\/div><!-- .elementskit-post-body END -->\n                    <\/div>\n                \n            <\/div>\n                    <div class=\"col-lg-4 col-md-6\">\n\n                                    <div class=\"elementskit-post-image-card\">\n                        <div class=\"elementskit-entry-header\">\n                                                            <a href=\"https:\/\/capturemadrid.com\/en\/puerta-del-sol\/\" class=\"elementskit-entry-thumb\">\n                                    <img decoding=\"async\" src=\"https:\/\/capturemadrid.com\/wp-content\/uploads\/2021\/07\/Plaza-Oriente.jpg\" alt=\"<strong>A Tour around Madrid: From Puerta del Sol to the Royal Palace<\/strong>\">\n                                <\/a><!-- .elementskit-entry-thumb END -->\n                                                            \n                            \n\t\t\t\t\t\t\t\t\t\t\t\t\t<\/div><!-- .elementskit-entry-header END -->\n\n\t\t\t\t\t\t<div class=\"elementskit-post-body \">\n\t\t\t\t\t\t\t\n\t\t\t\t\t\t\t\t\t\t\t\t\t\t\t\t\t\t\t\t\t\t\t\t\t\n\t\t\t\t\t\t\t\t\n\t\t\t\t\t\t\t\t\t\t\t\t\t\t\t\t\t\t\t\t\t<h2 class=\"entry-title\">\n\t\t\t\t\t<a href=\"https:\/\/capturemadrid.com\/en\/puerta-del-sol\/\">\n\t\t\t\t\t\t<strong>A Tour around Madrid: From Puerta del Sol to the Royal Palace<\/strong>\t\t\t\t\t<\/a>\n\t\t\t\t<\/h2>\n\t\t\t\t\t\t\t\t\t\t\t\t\t\t\t\t\t\t\t\t\t\t\t\t\t\t\t\t\t\t\t\t\t\t\t\t\t\t\t\t\t\t<p>When I walk through Puerta del Sol I see many tourists taking a picture at kilometer zero, in front of the clock.<\/p>\n\t\t\t\t\t\t\t\t\t\t\t\t\t\t\t\t\t\t\t\t\t\t                                                            <div class=\"btn-wraper\">\n                                                                            <a href=\"https:\/\/capturemadrid.com\/en\/puerta-del-sol\/\" class=\"elementskit-btn  whitespace--normal\" >\n                                            Leer m\u00e1s                                            <i aria-hidden=\"true\" class=\"fas fa-long-arrow-alt-right\"><\/i>                                        <\/a>\n                                    \n                                                                    <\/div>\n                                                    <\/div><!-- .elementskit-post-body END -->\n                    <\/div>\n                \n            <\/div>\n                <\/div>\n       <\/div>\t\t<\/div>\n\t\t\t\t<\/div>\n\t\t\t\t\t\t<\/div>\n\t\t\t\t\t<\/div>\n\t\t<\/div>\n\t\t\t\t\t\t\t\t<\/div>\n\t\t\t\t\t<\/div>\n\t\t<\/section>\n\t\t\t\t\t\t\t\t\t<\/div>\n\t\t\t<\/div>\n\t\t\t\t\t<\/div>\n\t\t","protected":false},"excerpt":{"rendered":"<p>Our Blog Paseo por el Parque Madrid rio. Un itinerario diferente, menos tur\u00edstico, pero totalmente recomendable. Leer m\u00e1s \u00bfC\u00f3mo es una sesi\u00f3n de fotos privada con Capture Madrid? La semana pasada con motivo del programa Open House Madrid 2022, tuve la ocasi\u00f3n de visitar algunos hoteles muy especiales. Leer m\u00e1s Un paseo por el Parque [&hellip;]<\/p>\n","protected":false},"author":1,"featured_media":0,"parent":0,"menu_order":0,"comment_status":"closed","ping_status":"closed","template":"elementor_header_footer","meta":[],"acf":[],"yoast_head":"<!-- This site is optimized with the Yoast SEO plugin v20.11 - https:\/\/yoast.com\/wordpress\/plugins\/seo\/ -->\n<title>Sesi\u00f3n Fotograf\u00eda Madrid - Capture Madrid<\/title>\n<meta name=\"robots\" content=\"index, follow, max-snippet:-1, max-image-preview:large, max-video-preview:-1\" \/>\n<link rel=\"canonical\" href=\"https:\/\/capturemadrid.com\/en\/blog\/\" \/>\n<meta property=\"og:locale\" content=\"en_US\" \/>\n<meta property=\"og:type\" content=\"article\" \/>\n<meta property=\"og:title\" content=\"Sesi\u00f3n Fotograf\u00eda Madrid - Capture Madrid\" \/>\n<meta property=\"og:description\" content=\"Our Blog Paseo por el Parque Madrid rio. Un itinerario diferente, menos tur\u00edstico, pero totalmente recomendable. Leer m\u00e1s \u00bfC\u00f3mo es una sesi\u00f3n de fotos privada con Capture Madrid? La semana pasada con motivo del programa Open House Madrid 2022, tuve la ocasi\u00f3n de visitar algunos hoteles muy especiales. Leer m\u00e1s Un paseo por el Parque [&hellip;]\" \/>\n<meta property=\"og:url\" content=\"https:\/\/capturemadrid.com\/en\/blog\/\" \/>\n<meta property=\"og:site_name\" content=\"Capture Madrid\" \/>\n<meta property=\"article:modified_time\" content=\"2022-12-14T09:43:02+00:00\" \/>\n<meta property=\"og:image\" content=\"https:\/\/capturemadrid.com\/wp-content\/uploads\/2022\/12\/rio-5-scaled.jpg\" \/>\n<meta name=\"twitter:card\" content=\"summary_large_image\" \/>\n<meta name=\"twitter:label1\" content=\"Est. reading time\" \/>\n\t<meta name=\"twitter:data1\" content=\"2 minutes\" \/>\n<script type=\"application\/ld+json\" class=\"yoast-schema-graph\">{\"@context\":\"https:\/\/schema.org\",\"@graph\":[{\"@type\":\"WebPage\",\"@id\":\"https:\/\/capturemadrid.com\/en\/blog\/\",\"url\":\"https:\/\/capturemadrid.com\/en\/blog\/\",\"name\":\"Sesi\u00f3n Fotograf\u00eda Madrid - Capture Madrid\",\"isPartOf\":{\"@id\":\"https:\/\/capturemadrid.com\/#website\"},\"datePublished\":\"2022-10-10T12:04:26+00:00\",\"dateModified\":\"2022-12-14T09:43:02+00:00\",\"breadcrumb\":{\"@id\":\"https:\/\/capturemadrid.com\/en\/blog\/#breadcrumb\"},\"inLanguage\":\"en-US\",\"potentialAction\":[{\"@type\":\"ReadAction\",\"target\":[\"https:\/\/capturemadrid.com\/en\/blog\/\"]}]},{\"@type\":\"BreadcrumbList\",\"@id\":\"https:\/\/capturemadrid.com\/en\/blog\/#breadcrumb\",\"itemListElement\":[{\"@type\":\"ListItem\",\"position\":1,\"name\":\"Portada\",\"item\":\"https:\/\/capturemadrid.com\/en\/\"},{\"@type\":\"ListItem\",\"position\":2,\"name\":\"Blog\"}]},{\"@type\":\"WebSite\",\"@id\":\"https:\/\/capturemadrid.com\/#website\",\"url\":\"https:\/\/capturemadrid.com\/\",\"name\":\"Capture Madrid\",\"description\":\"Otro sitio realizado por MrBogart\",\"potentialAction\":[{\"@type\":\"SearchAction\",\"target\":{\"@type\":\"EntryPoint\",\"urlTemplate\":\"https:\/\/capturemadrid.com\/?s={search_term_string}\"},\"query-input\":\"required name=search_term_string\"}],\"inLanguage\":\"en-US\"}]}<\/script>\n<!-- \/ Yoast SEO plugin. -->","yoast_head_json":{"title":"Sesi\u00f3n Fotograf\u00eda Madrid - Capture Madrid","robots":{"index":"index","follow":"follow","max-snippet":"max-snippet:-1","max-image-preview":"max-image-preview:large","max-video-preview":"max-video-preview:-1"},"canonical":"https:\/\/capturemadrid.com\/en\/blog\/","og_locale":"en_US","og_type":"article","og_title":"Sesi\u00f3n Fotograf\u00eda Madrid - Capture Madrid","og_description":"Our Blog Paseo por el Parque Madrid rio. Un itinerario diferente, menos tur\u00edstico, pero totalmente recomendable. Leer m\u00e1s \u00bfC\u00f3mo es una sesi\u00f3n de fotos privada con Capture Madrid? La semana pasada con motivo del programa Open House Madrid 2022, tuve la ocasi\u00f3n de visitar algunos hoteles muy especiales. Leer m\u00e1s Un paseo por el Parque [&hellip;]","og_url":"https:\/\/capturemadrid.com\/en\/blog\/","og_site_name":"Capture Madrid","article_modified_time":"2022-12-14T09:43:02+00:00","og_image":[{"url":"https:\/\/capturemadrid.com\/wp-content\/uploads\/2022\/12\/rio-5-scaled.jpg"}],"twitter_card":"summary_large_image","twitter_misc":{"Est. reading time":"2 minutes"},"schema":{"@context":"https:\/\/schema.org","@graph":[{"@type":"WebPage","@id":"https:\/\/capturemadrid.com\/en\/blog\/","url":"https:\/\/capturemadrid.com\/en\/blog\/","name":"Sesi\u00f3n Fotograf\u00eda Madrid - Capture Madrid","isPartOf":{"@id":"https:\/\/capturemadrid.com\/#website"},"datePublished":"2022-10-10T12:04:26+00:00","dateModified":"2022-12-14T09:43:02+00:00","breadcrumb":{"@id":"https:\/\/capturemadrid.com\/en\/blog\/#breadcrumb"},"inLanguage":"en-US","potentialAction":[{"@type":"ReadAction","target":["https:\/\/capturemadrid.com\/en\/blog\/"]}]},{"@type":"BreadcrumbList","@id":"https:\/\/capturemadrid.com\/en\/blog\/#breadcrumb","itemListElement":[{"@type":"ListItem","position":1,"name":"Portada","item":"https:\/\/capturemadrid.com\/en\/"},{"@type":"ListItem","position":2,"name":"Blog"}]},{"@type":"WebSite","@id":"https:\/\/capturemadrid.com\/#website","url":"https:\/\/capturemadrid.com\/","name":"Capture Madrid","description":"Otro sitio realizado por MrBogart","potentialAction":[{"@type":"SearchAction","target":{"@type":"EntryPoint","urlTemplate":"https:\/\/capturemadrid.com\/?s={search_term_string}"},"query-input":"required name=search_term_string"}],"inLanguage":"en-US"}]}},"_links":{"self":[{"href":"https:\/\/capturemadrid.com\/en\/wp-json\/wp\/v2\/pages\/1520"}],"collection":[{"href":"https:\/\/capturemadrid.com\/en\/wp-json\/wp\/v2\/pages"}],"about":[{"href":"https:\/\/capturemadrid.com\/en\/wp-json\/wp\/v2\/types\/page"}],"author":[{"embeddable":true,"href":"https:\/\/capturemadrid.com\/en\/wp-json\/wp\/v2\/users\/1"}],"replies":[{"embeddable":true,"href":"https:\/\/capturemadrid.com\/en\/wp-json\/wp\/v2\/comments?post=1520"}],"version-history":[{"count":11,"href":"https:\/\/capturemadrid.com\/en\/wp-json\/wp\/v2\/pages\/1520\/revisions"}],"predecessor-version":[{"id":1856,"href":"https:\/\/capturemadrid.com\/en\/wp-json\/wp\/v2\/pages\/1520\/revisions\/1856"}],"wp:attachment":[{"href":"https:\/\/capturemadrid.com\/en\/wp-json\/wp\/v2\/media?parent=1520"}],"curies":[{"name":"wp","href":"https:\/\/api.w.org\/{rel}","templated":true}]}}